{"id":11798,"date":"2017-02-28T19:13:42","date_gmt":"2017-02-28T19:13:42","guid":{"rendered":"http:\/\/fontaneriagaztelu.com\/?page_id=11798\/"},"modified":"2017-02-28T19:14:12","modified_gmt":"2017-02-28T19:14:12","slug":"legezko-oharra-eta-pribatasun-politika","status":"publish","type":"page","link":"https:\/\/fontaneriagaztelu.com\/eu\/legezko-oharra-eta-pribatasun-politika\/","title":{"rendered":"Legezko oharra eta pribatasun politika"},"content":{"rendered":"<p><strong>OBJETO<\/strong><\/p>\n<p>FONTANERIA GAZTELU S.C.L.\u00a0(en adelante, Fontaner\u00eda Gaztelu) cumple con los requisitos establecidos en la Ley 34\/2002, de 11 de julio, de Servicios de la Sociedad de la Informaci\u00f3n y Comercio Electr\u00f3nico, en la Ley Org\u00e1nica 15\/1999, de Protecci\u00f3n de Datos de Car\u00e1cter Personal (en adelante, LOPD), y en su normativa de desarrollo, y con tal fin ha creado el siguiente aviso legal.<\/p>\n<p>La navegaci\u00f3n por la presente p\u00e1gina web (fontaneriagaztelu.com) implica la perfecta comprensi\u00f3n y la expresa aceptaci\u00f3n de las presentes condiciones. Toda persona que acceda a este sitio web asume y se compromete a la observancia y cumplimiento riguroso de las disposiciones aqu\u00ed dispuestas, as\u00ed como a cualesquiera otra disposici\u00f3n legal que fuera de aplicaci\u00f3n.<\/p>\n<p>Fontaner\u00eda Gaztelu se reserva el derecho de efectuar sin previo aviso las modificaciones que considere oportunas en el mismo pudiendo cambiar suprimir o a\u00f1adir los contenidos y servicios que se prestan, como la forma en la que \u00e9stos aparecen presentados o localizados. Dado que las presentes condiciones pueden sufrir modificaciones, le recomendamos que las consulte cada vez que acceda a este sitio web.<\/p>\n<p>&nbsp;<\/p>\n<p><strong>INFORMACI\u00d3N GENERAL<\/strong><\/p>\n<p>FONTANERIA GAZTELU S.C.L.<br \/>\nLanda Behikoa Industrialdea 21<br \/>\n31880\u00a0Leitza (Nafarroa)<br \/>\nC.I.F. B20681565<\/p>\n<p>&nbsp;<\/p>\n<p><strong>PROPIEDAD INTELECTUAL E INDUSTRIAL<\/strong><\/p>\n<p>Todos los contenidos de la presente p\u00e1gina web, incluyendo sin car\u00e1cter limitativo, textos, gr\u00e1ficos, im\u00e1genes, su dise\u00f1o y los derechos de propiedad intelectual que pudieran corresponder a dichos contenidos, as\u00ed como todas las marcas, nombres comerciales o cualquier otro signo distintivo son propiedad del titular del sitio web, o de sus leg\u00edtimos propietarios, quedando reservados todos los derechos sobre los mismos. Todos los contenidos del sitio web se encuentran debidamente protegidos por la normativa de propiedad intelectual e industrial, as\u00ed como inscritos en los registros p\u00fablicos correspondientes.<\/p>\n<p>Queda prohibido cualquier acto de reproducci\u00f3n de los contenidos, en todo o en parte, en cualquier forma o medio, sea mec\u00e1nico, electr\u00f3nico, reprogr\u00e1fico u otro, as\u00ed como cualquier acto de difusi\u00f3n, comunicaci\u00f3n p\u00fablica o distribuci\u00f3n, sin la previa autorizaci\u00f3n por escrito del titular de la presente web o de sus leg\u00edtimos propietarios. Cualquier uso no autorizado previamente ser\u00e1 considerado un incumplimiento grave de los derechos de propiedad intelectual o industrial.<\/p>\n<p>Fontaner\u00eda Gaztelu no ser\u00e1 responsable de los da\u00f1os o perjuicios que pudieran derivarse de la utilizaci\u00f3n de los contenidos por parte de las personas que acceden al presente sitio web, o de la infracci\u00f3n por parte de los mismos de cualquier disposici\u00f3n legal vigente.<\/p>\n<p>Para realizar cualquier tipo de observaci\u00f3n respecto a posibles incumplimientos de los derechos de propiedad intelectual o industrial, as\u00ed como sobre cualquiera de los contenidos del sitio web, puede hacerlo a trav\u00e9s del siguiente correo electr\u00f3nico info@fontaneriagaztelu.com<br \/>\n<strong>RESPONSABILIDAD<\/strong><\/p>\n<p>Fontaner\u00eda Gaztelu se exime de cualquier tipo de responsabilidad derivada de la informaci\u00f3n publicada en el presente sitio web, siempre que esta informaci\u00f3n haya sido manipulada o introducida por un tercero ajeno al mismo.<\/p>\n<p>En todo caso, Fontaner\u00eda Gaztelu manifiesta que proceder\u00e1 a la retirada inmediata de cualquier contenido que pudiera contravenir la legislaci\u00f3n nacional o internacional, la moral o el orden p\u00fablico, o en su caso, retirar\u00e1 inmediatamente la redirecci\u00f3n a dicho sitio web, poniendo en conocimiento de las autoridades competentes el contenido en cuesti\u00f3n. En caso de que usted considere que existe en el sitio web alg\u00fan contenido que pudiera contravenir la legislaci\u00f3n nacional o internacional, la moral o el orden p\u00fablico, se ruega lo notifique de forma inmediata al titular del presente sitio web.<\/p>\n<p>&nbsp;<\/p>\n<p><strong>MENORES DE EDAD<\/strong><\/p>\n<p>La plena responsabilidad respecto de los contenidos y\/o servicios a los que acceden los menores de edad corresponde a las personas a cuyo cargo se encuentran.<\/p>\n<p>&nbsp;<\/p>\n<p><strong>POL\u00cdTICA DE PRIVACIDAD<\/strong><\/p>\n<p>De conformidad con lo dispuesto en la LOPD y su normativa de desarrollo, Fontaner\u00eda Gaztelu informa a todos los usuarios del sitio web que faciliten o vayan a facilitar sus datos personales, que estos ser\u00e1n incorporados en un fichero que se encuentra debidamente inscrito en la Agencia Espa\u00f1ola de Protecci\u00f3n de Datos.<\/p>\n<p>El usuario, mediante la marcaci\u00f3n de la casilla, aceptan expresamente y de forma libre e inequ\u00edvoca que sus datos personales sean tratados por parte de Fontaner\u00eda Gaztelu para gestionar su alta de cliente a trav\u00e9s de la web o bien resolver la cuesti\u00f3n que nos plantee.<\/p>\n<p>Fontaner\u00eda Gaztelu informa y garantiza expresamente a los usuarios que sus datos personales no ser\u00e1n cedidos en ning\u00fan caso a terceros.<\/p>\n<p>Los datos que se solicitan a trav\u00e9s del sitio web y son obligatorios para prestar el servicio est\u00e1n marcados mediante un asterisco, y es necesario su solicitud para prestar un servicio \u00f3ptimo al usuario. En caso de que no sean facilitados los datos, Fontaner\u00eda Gaztelu no podr\u00e1 prestar el servicio solicitado por el usuario.<\/p>\n<p>El prestador garantiza en todo caso al usuario el ejercicio de los derechos de acceso, rectificaci\u00f3n, cancelaci\u00f3n, informaci\u00f3n y oposici\u00f3n, en los t\u00e9rminos dispuestos en la legislaci\u00f3n vigente. Por ello, de conformidad con lo dispuesto en la LOPD, el interesado o afectado podr\u00e1 ejercer sus derechos remitiendo una solicitud expresa, junto a una copia de su DNI, a trav\u00e9s de los siguientes medios:<\/p>\n<p>\u2013 E-Mail: info@fontaneriagaztelu.com<br \/>\n\u2013 Correo Postal: Landa Behikoa Industrialdea 21,\u00a0C.P. 31880\u00a0Leitza (Nafarroa)<\/p>\n<p>Del mismo modo, el usuario podr\u00e1 darse de baja de cualquiera de los servicios de suscripci\u00f3n facilitados haciendo clic en el apartado darse de baja de todos los correos electr\u00f3nicos remitidos por parte de Fontaner\u00eda Gaztelu.<\/p>\n<p>Fontaner\u00eda Gaztelu ha adoptado todas las medidas t\u00e9cnicas y de organizaci\u00f3n necesarias para garantizar la seguridad e integridad de los datos de car\u00e1cter personal que trate, as\u00ed como para evitar su p\u00e9rdida, alteraci\u00f3n y\/o acceso por parte de terceros no autorizados.<\/p>\n<p>&nbsp;<\/p>\n<p><strong>USO DE COOKIES<\/strong><\/p>\n<p>Le informamos de que este sitio web utiliza cookies. Con la navegaci\u00f3n por la presente p\u00e1gina web, usted presta su consentimiento para recibir dichas cookies. Las cookies utilizadas por el sitio web se asocian \u00fanicamente con un usuario an\u00f3nimo y su ordenador, y no proporcionan por s\u00ed mismas los datos personales del usuario.<\/p>\n<p>El usuario tiene la posibilidad de configurar su navegador para ser avisado de la recepci\u00f3n de cookies y para impedir su instalaci\u00f3n en su equipo, pero en este caso es posible que no pueda utilizar todos los servicios que le ofrece la presente p\u00e1gina web.<\/p>\n<p>&nbsp;<\/p>\n<p><strong>GOOGLE ANALYTICS<\/strong><\/p>\n<p>Esta p\u00e1gina web utiliza Google Analytics, un servicio anal\u00edtico de web prestado por Google, Inc., una compa\u00f1\u00eda de Delaware cuya oficina principal est\u00e1 en 1600 Amphitheatre Parkway, Mountain View (California), CA 94043, Estados Unidos (\u201cGoogle\u201d). Google Analytics utiliza \u201ccookies\u201d, que son archivos de texto ubicados en su ordenador, para ayudar al website a analizar el uso que hacen los usuarios del sitio web. La informaci\u00f3n que genera la cookie acerca de su uso del website (incluyendo su direcci\u00f3n IP) ser\u00e1 directamente transmitida y archivada por Google en los servidores de Estados Unidos. Google usar\u00e1 esta informaci\u00f3n por cuenta nuestra con el prop\u00f3sito de seguir la pista de su uso del website, recopilando informes de la actividad del website y prestando otros servicios relacionados con la actividad del website y el uso de Internet. Google podr\u00e1 transmitir dicha informaci\u00f3n a terceros cuando as\u00ed se lo requiera la legislaci\u00f3n, o cuando dichos terceros procesen la informaci\u00f3n por cuenta de Google. Google no asociar\u00e1 su direcci\u00f3n IP con ning\u00fan otro dato del que disponga Google. Puede Usted rechazar el tratamiento de los datos o la informaci\u00f3n rechazando el uso de cookies mediante la selecci\u00f3n de la configuraci\u00f3n apropiada de su navegador, sin embargo, debe Usted saber que si lo hace puede ser que no pueda usar la plena funcionabilidad de este website. Al utilizar este website Usted consiente el tratamiento de informaci\u00f3n acerca de Usted por Google en la forma y para los fines arriba indicados.<\/p>\n<p>&nbsp;<\/p>\n<p><strong>DIRECCIONES IP<\/strong><\/p>\n<p>Los servidores del sitio web podr\u00e1n detectar de manera autom\u00e1tica la direcci\u00f3n IP y el nombre de dominio utilizados por el usuario. Una direcci\u00f3n IP es un n\u00famero asignado autom\u00e1ticamente a un ordenador cuando \u00e9sta se conecta a Internet. Toda esta informaci\u00f3n es registrada en un fichero de actividad del servidor debidamente inscrito que permite el posterior procesamiento de los datos con el fin de obtener mediciones \u00fanicamente estad\u00edsticas que permitan conocer el n\u00famero de impresiones de p\u00e1ginas, el n\u00famero de visitas realizadas a los servicios web, el orden de visitas, el punto de acceso, etc.<\/p>\n<p>&nbsp;<\/p>\n<p><strong>ENLACES<\/strong><\/p>\n<p>Fontaner\u00eda Gaztelu no asume ninguna responsabilidad sobre los enlaces externos que, en su caso, pudieran incluirse en la p\u00e1gina web, por lo que usted accede bajo su exclusiva responsabilidad al contenido y en las condiciones de uso que rijan en los mismos.<\/p>\n<p>&nbsp;<\/p>\n<p><strong>LEY APLICABLE Y JURISDICCI\u00d3N<\/strong><\/p>\n<p>Para la resoluci\u00f3n de todas las controversias o cuestiones relacionadas con el presente sitio web o de las actividades en \u00e9l desarrolladas, ser\u00e1 de aplicaci\u00f3n la legislaci\u00f3n espa\u00f1ola, a la que se someten expresamente las partes, siendo competentes para la resoluci\u00f3n de todos los conflictos derivados o relacionados con su uso los Juzgados y Tribunales de Donostia \u2013 San Sebasti\u00e1n (Gipuzkoa).<\/p>\n","protected":false},"excerpt":{"rendered":"<p>OBJETO FONTANERIA GAZTELU S.C.L.\u00a0(en adelante, Fontaner\u00eda Gaztelu) cumple con los requisitos establecidos en la Ley 34\/2002, de 11 de julio, de Servicios de la Sociedad de la Informaci\u00f3n y Comercio Electr\u00f3nico, en la Ley Org\u00e1nica 15\/1999, de Protecci\u00f3n de Datos de Car\u00e1cter Personal (en adelante, LOPD), y en su normativa de desarrollo, y con tal [&hellip;]<\/p>\n","protected":false},"author":3,"featured_media":0,"parent":0,"menu_order":0,"comment_status":"closed","ping_status":"closed","template":"","meta":{"footnotes":""},"class_list":["post-11798","page","type-page","status-publish","hentry"],"yoast_head":"<!-- This site is optimized with the Yoast SEO plugin v23.4 - https:\/\/yoast.com\/wordpress\/plugins\/seo\/ -->\n<title>Legezko oharra eta pribatasun politika - Fontaner\u00eda Gaztelu<\/title>\n<meta name=\"robots\" content=\"index, follow, max-snippet:-1, max-image-preview:large, max-video-preview:-1\" \/>\n<link rel=\"canonical\" href=\"https:\/\/fontaneriagaztelu.com\/eu\/legezko-oharra-eta-pribatasun-politika\/\" \/>\n<meta property=\"og:locale\" content=\"en_US\" \/>\n<meta property=\"og:type\" content=\"article\" \/>\n<meta property=\"og:title\" content=\"Legezko oharra eta pribatasun politika - Fontaner\u00eda Gaztelu\" \/>\n<meta property=\"og:description\" content=\"OBJETO FONTANERIA GAZTELU S.C.L.\u00a0(en adelante, Fontaner\u00eda Gaztelu) cumple con los requisitos establecidos en la Ley 34\/2002, de 11 de julio, de Servicios de la Sociedad de la Informaci\u00f3n y Comercio Electr\u00f3nico, en la Ley Org\u00e1nica 15\/1999, de Protecci\u00f3n de Datos de Car\u00e1cter Personal (en adelante, LOPD), y en su normativa de desarrollo, y con tal [&hellip;]\" \/>\n<meta property=\"og:url\" content=\"https:\/\/fontaneriagaztelu.com\/eu\/legezko-oharra-eta-pribatasun-politika\/\" \/>\n<meta property=\"og:site_name\" content=\"Fontaner\u00eda Gaztelu\" \/>\n<meta property=\"article:publisher\" content=\"https:\/\/facebook.com\/fontaneriagaztelu\" \/>\n<meta property=\"article:modified_time\" content=\"2017-02-28T19:14:12+00:00\" \/>\n<meta name=\"twitter:label1\" content=\"Est. reading time\" \/>\n\t<meta name=\"twitter:data1\" content=\"8 minutua\" \/>\n<script type=\"application\/ld+json\" class=\"yoast-schema-graph\">{\"@context\":\"https:\/\/schema.org\",\"@graph\":[{\"@type\":\"WebPage\",\"@id\":\"https:\/\/fontaneriagaztelu.com\/eu\/legezko-oharra-eta-pribatasun-politika\/\",\"url\":\"https:\/\/fontaneriagaztelu.com\/eu\/legezko-oharra-eta-pribatasun-politika\/\",\"name\":\"Legezko oharra eta pribatasun politika - Fontaner\u00eda Gaztelu\",\"isPartOf\":{\"@id\":\"https:\/\/fontaneriagaztelu.com\/eu\/#website\"},\"datePublished\":\"2017-02-28T19:13:42+00:00\",\"dateModified\":\"2017-02-28T19:14:12+00:00\",\"breadcrumb\":{\"@id\":\"https:\/\/fontaneriagaztelu.com\/eu\/legezko-oharra-eta-pribatasun-politika\/#breadcrumb\"},\"inLanguage\":\"eu\",\"potentialAction\":[{\"@type\":\"ReadAction\",\"target\":[\"https:\/\/fontaneriagaztelu.com\/eu\/legezko-oharra-eta-pribatasun-politika\/\"]}]},{\"@type\":\"BreadcrumbList\",\"@id\":\"https:\/\/fontaneriagaztelu.com\/eu\/legezko-oharra-eta-pribatasun-politika\/#breadcrumb\",\"itemListElement\":[{\"@type\":\"ListItem\",\"position\":1,\"name\":\"Portada\",\"item\":\"https:\/\/fontaneriagaztelu.com\/eu\/\"},{\"@type\":\"ListItem\",\"position\":2,\"name\":\"Legezko oharra eta pribatasun politika\"}]},{\"@type\":\"WebSite\",\"@id\":\"https:\/\/fontaneriagaztelu.com\/eu\/#website\",\"url\":\"https:\/\/fontaneriagaztelu.com\/eu\/\",\"name\":\"Fontaner\u00eda Gaztelu\",\"description\":\"Servicio a tu alcance\",\"publisher\":{\"@id\":\"https:\/\/fontaneriagaztelu.com\/eu\/#organization\"},\"potentialAction\":[{\"@type\":\"SearchAction\",\"target\":{\"@type\":\"EntryPoint\",\"urlTemplate\":\"https:\/\/fontaneriagaztelu.com\/eu\/?s={search_term_string}\"},\"query-input\":{\"@type\":\"PropertyValueSpecification\",\"valueRequired\":true,\"valueName\":\"search_term_string\"}}],\"inLanguage\":\"eu\"},{\"@type\":\"Organization\",\"@id\":\"https:\/\/fontaneriagaztelu.com\/eu\/#organization\",\"name\":\"Fontaner\u00eda Gaztelu\",\"url\":\"https:\/\/fontaneriagaztelu.com\/eu\/\",\"logo\":{\"@type\":\"ImageObject\",\"inLanguage\":\"eu\",\"@id\":\"https:\/\/fontaneriagaztelu.com\/eu\/#\/schema\/logo\/image\/\",\"url\":\"https:\/\/fontaneriagaztelu.com\/wp-content\/uploads\/2016\/11\/LOGO2.png\",\"contentUrl\":\"https:\/\/fontaneriagaztelu.com\/wp-content\/uploads\/2016\/11\/LOGO2.png\",\"width\":180,\"height\":24,\"caption\":\"Fontaner\u00eda Gaztelu\"},\"image\":{\"@id\":\"https:\/\/fontaneriagaztelu.com\/eu\/#\/schema\/logo\/image\/\"},\"sameAs\":[\"https:\/\/facebook.com\/fontaneriagaztelu\"]}]}<\/script>\n<!-- \/ Yoast SEO plugin. -->","yoast_head_json":{"title":"Legezko oharra eta pribatasun politika - Fontaner\u00eda Gaztelu","robots":{"index":"index","follow":"follow","max-snippet":"max-snippet:-1","max-image-preview":"max-image-preview:large","max-video-preview":"max-video-preview:-1"},"canonical":"https:\/\/fontaneriagaztelu.com\/eu\/legezko-oharra-eta-pribatasun-politika\/","og_locale":"en_US","og_type":"article","og_title":"Legezko oharra eta pribatasun politika - Fontaner\u00eda Gaztelu","og_description":"OBJETO FONTANERIA GAZTELU S.C.L.\u00a0(en adelante, Fontaner\u00eda Gaztelu) cumple con los requisitos establecidos en la Ley 34\/2002, de 11 de julio, de Servicios de la Sociedad de la Informaci\u00f3n y Comercio Electr\u00f3nico, en la Ley Org\u00e1nica 15\/1999, de Protecci\u00f3n de Datos de Car\u00e1cter Personal (en adelante, LOPD), y en su normativa de desarrollo, y con tal [&hellip;]","og_url":"https:\/\/fontaneriagaztelu.com\/eu\/legezko-oharra-eta-pribatasun-politika\/","og_site_name":"Fontaner\u00eda Gaztelu","article_publisher":"https:\/\/facebook.com\/fontaneriagaztelu","article_modified_time":"2017-02-28T19:14:12+00:00","twitter_misc":{"Est. reading time":"8 minutua"},"schema":{"@context":"https:\/\/schema.org","@graph":[{"@type":"WebPage","@id":"https:\/\/fontaneriagaztelu.com\/eu\/legezko-oharra-eta-pribatasun-politika\/","url":"https:\/\/fontaneriagaztelu.com\/eu\/legezko-oharra-eta-pribatasun-politika\/","name":"Legezko oharra eta pribatasun politika - Fontaner\u00eda Gaztelu","isPartOf":{"@id":"https:\/\/fontaneriagaztelu.com\/eu\/#website"},"datePublished":"2017-02-28T19:13:42+00:00","dateModified":"2017-02-28T19:14:12+00:00","breadcrumb":{"@id":"https:\/\/fontaneriagaztelu.com\/eu\/legezko-oharra-eta-pribatasun-politika\/#breadcrumb"},"inLanguage":"eu","potentialAction":[{"@type":"ReadAction","target":["https:\/\/fontaneriagaztelu.com\/eu\/legezko-oharra-eta-pribatasun-politika\/"]}]},{"@type":"BreadcrumbList","@id":"https:\/\/fontaneriagaztelu.com\/eu\/legezko-oharra-eta-pribatasun-politika\/#breadcrumb","itemListElement":[{"@type":"ListItem","position":1,"name":"Portada","item":"https:\/\/fontaneriagaztelu.com\/eu\/"},{"@type":"ListItem","position":2,"name":"Legezko oharra eta pribatasun politika"}]},{"@type":"WebSite","@id":"https:\/\/fontaneriagaztelu.com\/eu\/#website","url":"https:\/\/fontaneriagaztelu.com\/eu\/","name":"Fontaner\u00eda Gaztelu","description":"Servicio a tu alcance","publisher":{"@id":"https:\/\/fontaneriagaztelu.com\/eu\/#organization"},"potentialAction":[{"@type":"SearchAction","target":{"@type":"EntryPoint","urlTemplate":"https:\/\/fontaneriagaztelu.com\/eu\/?s={search_term_string}"},"query-input":{"@type":"PropertyValueSpecification","valueRequired":true,"valueName":"search_term_string"}}],"inLanguage":"eu"},{"@type":"Organization","@id":"https:\/\/fontaneriagaztelu.com\/eu\/#organization","name":"Fontaner\u00eda Gaztelu","url":"https:\/\/fontaneriagaztelu.com\/eu\/","logo":{"@type":"ImageObject","inLanguage":"eu","@id":"https:\/\/fontaneriagaztelu.com\/eu\/#\/schema\/logo\/image\/","url":"https:\/\/fontaneriagaztelu.com\/wp-content\/uploads\/2016\/11\/LOGO2.png","contentUrl":"https:\/\/fontaneriagaztelu.com\/wp-content\/uploads\/2016\/11\/LOGO2.png","width":180,"height":24,"caption":"Fontaner\u00eda Gaztelu"},"image":{"@id":"https:\/\/fontaneriagaztelu.com\/eu\/#\/schema\/logo\/image\/"},"sameAs":["https:\/\/facebook.com\/fontaneriagaztelu"]}]}},"_links":{"self":[{"href":"https:\/\/fontaneriagaztelu.com\/eu\/wp-json\/wp\/v2\/pages\/11798"}],"collection":[{"href":"https:\/\/fontaneriagaztelu.com\/eu\/wp-json\/wp\/v2\/pages"}],"about":[{"href":"https:\/\/fontaneriagaztelu.com\/eu\/wp-json\/wp\/v2\/types\/page"}],"author":[{"embeddable":true,"href":"https:\/\/fontaneriagaztelu.com\/eu\/wp-json\/wp\/v2\/users\/3"}],"replies":[{"embeddable":true,"href":"https:\/\/fontaneriagaztelu.com\/eu\/wp-json\/wp\/v2\/comments?post=11798"}],"version-history":[{"count":1,"href":"https:\/\/fontaneriagaztelu.com\/eu\/wp-json\/wp\/v2\/pages\/11798\/revisions"}],"predecessor-version":[{"id":11799,"href":"https:\/\/fontaneriagaztelu.com\/eu\/wp-json\/wp\/v2\/pages\/11798\/revisions\/11799"}],"wp:attachment":[{"href":"https:\/\/fontaneriagaztelu.com\/eu\/wp-json\/wp\/v2\/media?parent=11798"}],"curies":[{"name":"wp","href":"https:\/\/api.w.org\/{rel}","templated":true}]}}